{"id":3238,"date":"2025-03-19T23:02:57","date_gmt":"2025-03-19T22:02:57","guid":{"rendered":"https:\/\/sjofiske.com\/hinnad\/"},"modified":"2025-04-01T18:02:21","modified_gmt":"2025-04-01T16:02:21","slug":"hinnad","status":"publish","type":"page","link":"https:\/\/sjofiske.com\/et\/hinnad\/","title":{"rendered":"Hinnad"},"content":{"rendered":"\t\t<div data-elementor-type=\"wp-page\" data-elementor-id=\"3238\" class=\"elementor elementor-3238 elementor-3180\" data-elementor-post-type=\"page\">\n\t\t\t\t<div class=\"elementor-element elementor-element-a46fbb3 e-flex e-con-boxed e-con e-parent\" data-id=\"a46fbb3\" data-element_type=\"container\">\n\t\t\t\t\t<div class=\"e-con-inner\">\n\t\t\t\t<div class=\"elementor-element elementor-element-71c0323 elementor-widget elementor-widget-text-editor\" data-id=\"71c0323\" data-element_type=\"widget\" data-widget_type=\"text-editor.default\">\n\t\t\t\t<div class=\"elementor-widget-container\">\n\t\t\t\t\t\t\t\t\t<h2>1. Majad \/ Apartemendid<\/h2>\n<table>\n<tbody>\n<tr>\n<th>Toode <\/th>\n<th>Rendihind (EUR)<\/th>\n<\/tr>\n<tr>\n<td>Nilsen 1 \u2013 sisaldab 1 paati (3 magamistuba \/ 6 inimest) <\/td>\n<td>2849 EUR \/ n\u00e4dal<\/td>\n<\/tr>\n<tr>\n<td>Nilsen 1 sisaldab 1 paati. (3 magamistuba \/ 6 inimest) <\/td>\n<td>2849 EUR \/ n\u00e4dal<\/td>\n<\/tr>\n<tr>\n<td>Nilsen 2 sisaldab 2 paati. (4 magamistuba \/ 8 inimest) <\/td>\n<td>4165 EUR \/ n\u00e4dal<\/td>\n<\/tr>\n<tr>\n<td>Evenmo sisaldab 2 paati. (6 magamistuba \/ 8 inimest) <\/td>\n<td>4165 EUR \/ n\u00e4dal<\/td>\n<\/tr>\n<tr>\n<td>Loppa sisaldab 2 paati. (5 magamistuba\/8 inimest) <\/td>\n<td>4165 EUR \/ n\u00e4dal<\/td>\n<\/tr>\n<\/tbody>\n<\/table>\n<h2> <\/h2>\n<h2>2. Paadirent ja transporditeenused<\/h2>\n<table>\n<tbody>\n<tr>\n<th>Toode <\/th>\n<th>Rendihind (EUR)<\/th>\n<\/tr>\n<tr>\n<td>Lisapaat 21 jalga (6.3m, 100HP mootor) <\/td>\n<td>1200 EUR \/ n\u00e4dal 200 EUR \/ p\u00e4ev<\/td>\n<\/tr>\n<tr>\n<td>Transfeer inimese kohta <\/td>\n<td>150 EUR<\/td>\n<\/tr>\n<tr>\n<td>Minimaalne transfeeri hind (reis Altasse) <\/td>\n<td>450 EUR<\/td>\n<\/tr>\n<tr>\n<td>L\u00f5ppkoristuse tasu <\/td>\n<td>150 EUR<\/td>\n<\/tr>\n<\/tbody>\n<\/table>\n<h2> <\/h2>\n<h2>3. Turvavarustuse rent<\/h2>\n<table>\n<tbody>\n<tr>\n<th>Toode<\/th>\n<th> Rendihind (EUR) <\/th>\n<th>Tagatisraha (EUR)<\/th>\n<\/tr>\n<tr>\n<td>Ujuvkost\u00fc\u00fcm (Suurused S\u2013 XXL), n\u00e4dalarent <\/td>\n<td>15 EUR \/ p\u00e4ev 60 EUR \/ n\u00e4dal <\/td>\n<td>&#8211;<\/td>\n<\/tr>\n<tr>\n<td>P\u00e4\u00e4stevest <\/td>\n<td>Sisaldub paadirendis <\/td>\n<td>&#8211;<\/td>\n<\/tr>\n<tr>\n<td>Kummikud <\/td>\n<td>Saadaval rentimiseks <\/td>\n<td>&#8211;<\/td>\n<\/tr>\n<\/tbody>\n<\/table>\n<h2> <\/h2>\n<h2>4. Kalastustarvikute rent<\/h2>\n<table>\n<tbody>\n<tr>\n<th>Kalastuskomplekt Sisaldab <\/th>\n<th>Rendihind (EUR) <\/th>\n<th>Tagatisraha (EUR)<\/th>\n<\/tr>\n<tr>\n<td>Premium elektrirull \/ ritv \/ n\u00f6\u00f6r Elektrirull, tugev ritv, n\u00f6\u00f6r, laetav aku <\/td>\n<td>30 EUR \/ p\u00e4ev 150 EUR \/ n\u00e4dal<\/td>\n<td>100 EUR<\/td>\n<\/tr>\n<tr>\n<td>Raske k\u00e4sirull \/ ritv \/ n\u00f6\u00f6r Tugev k\u00e4sirull, ritv, n\u00f6\u00f6r <\/td>\n<td>15 EUR \/ p\u00e4ev 75 EUR \/ n\u00e4dal <\/td>\n<td>50 EUR<\/td>\n<\/tr>\n<tr>\n<td>Tavaline ritv \/ rull \/ n\u00f6\u00f6r Tavaline ritv, rull, n\u00f6\u00f6r <\/td>\n<td>10 EUR \/ p\u00e4ev 50 EUR \/ n\u00e4dal <\/td>\n<td>50 EUR<\/td>\n<\/tr>\n<tr>\n<td>Aku elektrirullile Ainult aku <\/td>\n<td>5 EUR \/ p\u00e4ev 25 EUR \/ n\u00e4dal <\/td>\n<td>&#8211;<\/td>\n<\/tr>\n<tr>\n<td>\u00c4mber vajaliku varustusega Kummikala, erinevad landid, konksud jms <\/td>\n<td>15 EUR \/ p\u00e4ev 60 EUR \/ n\u00e4dal <\/td>\n<td>&#8211;<\/td>\n<\/tr>\n<\/tbody>\n<\/table>\n<p><strong>NB! Kalastustarvikud tuleb eelnevalt broneerida, et tagada saadavus!<\/strong><\/p>\n<h2> <\/h2>\n<h2>5. Vaakumpakendid ja kalat\u00f6\u00f6tlusseadmed (ainult ostmiseks)<\/h2>\n<table>\n<tbody>\n<tr>\n<th>Toode <\/th>\n<th>Ostuhind (EUR)<\/th>\n<\/tr>\n<tr>\n<td>Kala vaakumpakendamise masin <\/td>\n<td>5 EUR \/ p\u00e4ev v\u00f5i 25 EUR \/ n\u00e4dal<\/td>\n<\/tr>\n<tr>\n<td>Vaakumpakendirullid 20cm x 6m <\/td>\n<td>8 EUR \/ rull<\/td>\n<\/tr>\n<tr>\n<td>Vaakumkotid 20cm x 30cm <\/td>\n<td>3 EUR \/ 10 tk v\u00f5i 20 EUR \/ 100 tk<\/td>\n<\/tr>\n<\/tbody>\n<\/table>\n<h2> <\/h2>\n<h2>6. Kala transpordikastid (ainult ostmiseks)<\/h2>\n<table>\n<tbody>\n<tr>\n<th>Suurus <\/th>\n<th>Ostuhind (EUR)<\/th>\n<\/tr>\n<tr>\n<td>Suur transpordikast 20L (P 800mm, L 400mm, K 200mm) <\/td>\n<td>20 EUR \/ tk<\/td>\n<\/tr>\n<\/tbody>\n<\/table>\n<h2> <\/h2>\n<h2>7. Hoiustamis- ja k\u00fclmutusteenused<\/h2>\n<table>\n<tbody>\n<tr>\n<th>Toode <\/th>\n<th>Rendihind (EUR)<\/th>\n<\/tr>\n<tr>\n<td>S\u00fcgavk\u00fclmik hoiustamine kalale <\/td>\n<td>Tasuta<\/td>\n<\/tr>\n<\/tbody>\n<\/table>\n<p><strong>Suur kala, suured m\u00e4lestused \u2014 naudi kalap\u00fc\u00fcki meie juures!<\/strong><\/p>\n\t\t\t\t\t\t\t\t<\/div>\n\t\t\t\t<\/div>\n\t\t\t\t\t<\/div>\n\t\t\t\t<\/div>\n\t\t\t\t<\/div>\n\t\t","protected":false},"excerpt":{"rendered":"<p>1. Majad \/ Apartemendid Toode Rendihind (EUR) Nilsen 1 \u2013 sisaldab 1 paati (3 magamistuba \/ 6 inimest) 2849 EUR \/ n\u00e4dal Nilsen 1 sisaldab 1 paati. (3 magamistuba \/ 6 inimest) 2849 EUR \/ n\u00e4dal Nilsen 2 sisaldab 2 paati. (4 magamistuba \/ 8 inimest) 4165 EUR \/ n\u00e4dal Evenmo sisaldab 2 paati. (6 [&hellip;]<\/p>\n","protected":false},"author":1,"featured_media":0,"parent":0,"menu_order":0,"comment_status":"closed","ping_status":"closed","template":"","meta":{"footnotes":""},"class_list":["post-3238","page","type-page","status-publish","hentry"],"acf":[],"yoast_head":"<!-- This site is optimized with the Yoast SEO plugin v26.6 - https:\/\/yoast.com\/wordpress\/plugins\/seo\/ -->\n<title>Hinnad | \u00d8ksfjord Sj\u00f8fiske<\/title>\n<meta name=\"robots\" content=\"index, follow, max-snippet:-1, max-image-preview:large, max-video-preview:-1\" \/>\n<link rel=\"canonical\" href=\"https:\/\/sjofiske.com\/et\/hinnad\/\" \/>\n<meta property=\"og:locale\" content=\"et_EE\" \/>\n<meta property=\"og:type\" content=\"article\" \/>\n<meta property=\"og:title\" content=\"Hinnad | \u00d8ksfjord Sj\u00f8fiske\" \/>\n<meta property=\"og:description\" content=\"1. Majad \/ Apartemendid Toode Rendihind (EUR) Nilsen 1 \u2013 sisaldab 1 paati (3 magamistuba \/ 6 inimest) 2849 EUR \/ n\u00e4dal Nilsen 1 sisaldab 1 paati. (3 magamistuba \/ 6 inimest) 2849 EUR \/ n\u00e4dal Nilsen 2 sisaldab 2 paati. (4 magamistuba \/ 8 inimest) 4165 EUR \/ n\u00e4dal Evenmo sisaldab 2 paati. (6 [&hellip;]\" \/>\n<meta property=\"og:url\" content=\"https:\/\/sjofiske.com\/et\/hinnad\/\" \/>\n<meta property=\"og:site_name\" content=\"\u00d8ksfjord Sj\u00f8fiske\" \/>\n<meta property=\"article:modified_time\" content=\"2025-04-01T16:02:21+00:00\" \/>\n<meta property=\"og:image\" content=\"https:\/\/sjofiske.com\/wp-content\/uploads\/2025\/02\/sjofiske.jpg\" \/>\n\t<meta property=\"og:image:width\" content=\"1200\" \/>\n\t<meta property=\"og:image:height\" content=\"675\" \/>\n\t<meta property=\"og:image:type\" content=\"image\/jpeg\" \/>\n<meta name=\"twitter:card\" content=\"summary_large_image\" \/>\n<meta name=\"twitter:label1\" content=\"Est. reading time\" \/>\n\t<meta name=\"twitter:data1\" content=\"1 minut\" \/>\n<script type=\"application\/ld+json\" class=\"yoast-schema-graph\">{\"@context\":\"https:\/\/schema.org\",\"@graph\":[{\"@type\":\"WebPage\",\"@id\":\"https:\/\/sjofiske.com\/et\/hinnad\/\",\"url\":\"https:\/\/sjofiske.com\/et\/hinnad\/\",\"name\":\"Hinnad | \u00d8ksfjord Sj\u00f8fiske\",\"isPartOf\":{\"@id\":\"https:\/\/sjofiske.com\/et\/#website\"},\"datePublished\":\"2025-03-19T22:02:57+00:00\",\"dateModified\":\"2025-04-01T16:02:21+00:00\",\"breadcrumb\":{\"@id\":\"https:\/\/sjofiske.com\/et\/hinnad\/#breadcrumb\"},\"inLanguage\":\"et\",\"potentialAction\":[{\"@type\":\"ReadAction\",\"target\":[\"https:\/\/sjofiske.com\/et\/hinnad\/\"]}]},{\"@type\":\"BreadcrumbList\",\"@id\":\"https:\/\/sjofiske.com\/et\/hinnad\/#breadcrumb\",\"itemListElement\":[{\"@type\":\"ListItem\",\"position\":1,\"name\":\"Esileht\",\"item\":\"https:\/\/sjofiske.com\/et\/\"},{\"@type\":\"ListItem\",\"position\":2,\"name\":\"Hinnad\"}]},{\"@type\":\"WebSite\",\"@id\":\"https:\/\/sjofiske.com\/et\/#website\",\"url\":\"https:\/\/sjofiske.com\/et\/\",\"name\":\"\u00d8ksfjord Sj\u00f8fiske\",\"description\":\"\",\"publisher\":{\"@id\":\"https:\/\/sjofiske.com\/et\/#organization\"},\"potentialAction\":[{\"@type\":\"SearchAction\",\"target\":{\"@type\":\"EntryPoint\",\"urlTemplate\":\"https:\/\/sjofiske.com\/et\/?s={search_term_string}\"},\"query-input\":{\"@type\":\"PropertyValueSpecification\",\"valueRequired\":true,\"valueName\":\"search_term_string\"}}],\"inLanguage\":\"et\"},{\"@type\":\"Organization\",\"@id\":\"https:\/\/sjofiske.com\/et\/#organization\",\"name\":\"\u00d8ksfjord Sj\u00f8fiske\",\"url\":\"https:\/\/sjofiske.com\/et\/\",\"logo\":{\"@type\":\"ImageObject\",\"inLanguage\":\"et\",\"@id\":\"https:\/\/sjofiske.com\/et\/#\/schema\/logo\/image\/\",\"url\":\"https:\/\/sjofiske.com\/wp-content\/uploads\/2024\/12\/sjofiske-logo.svg\",\"contentUrl\":\"https:\/\/sjofiske.com\/wp-content\/uploads\/2024\/12\/sjofiske-logo.svg\",\"width\":390,\"height\":274,\"caption\":\"\u00d8ksfjord Sj\u00f8fiske\"},\"image\":{\"@id\":\"https:\/\/sjofiske.com\/et\/#\/schema\/logo\/image\/\"}}]}<\/script>\n<!-- \/ Yoast SEO plugin. -->","yoast_head_json":{"title":"Hinnad | \u00d8ksfjord Sj\u00f8fiske","robots":{"index":"index","follow":"follow","max-snippet":"max-snippet:-1","max-image-preview":"max-image-preview:large","max-video-preview":"max-video-preview:-1"},"canonical":"https:\/\/sjofiske.com\/et\/hinnad\/","og_locale":"et_EE","og_type":"article","og_title":"Hinnad | \u00d8ksfjord Sj\u00f8fiske","og_description":"1. Majad \/ Apartemendid Toode Rendihind (EUR) Nilsen 1 \u2013 sisaldab 1 paati (3 magamistuba \/ 6 inimest) 2849 EUR \/ n\u00e4dal Nilsen 1 sisaldab 1 paati. (3 magamistuba \/ 6 inimest) 2849 EUR \/ n\u00e4dal Nilsen 2 sisaldab 2 paati. (4 magamistuba \/ 8 inimest) 4165 EUR \/ n\u00e4dal Evenmo sisaldab 2 paati. (6 [&hellip;]","og_url":"https:\/\/sjofiske.com\/et\/hinnad\/","og_site_name":"\u00d8ksfjord Sj\u00f8fiske","article_modified_time":"2025-04-01T16:02:21+00:00","og_image":[{"width":1200,"height":675,"url":"https:\/\/sjofiske.com\/wp-content\/uploads\/2025\/02\/sjofiske.jpg","type":"image\/jpeg"}],"twitter_card":"summary_large_image","twitter_misc":{"Est. reading time":"1 minut"},"schema":{"@context":"https:\/\/schema.org","@graph":[{"@type":"WebPage","@id":"https:\/\/sjofiske.com\/et\/hinnad\/","url":"https:\/\/sjofiske.com\/et\/hinnad\/","name":"Hinnad | \u00d8ksfjord Sj\u00f8fiske","isPartOf":{"@id":"https:\/\/sjofiske.com\/et\/#website"},"datePublished":"2025-03-19T22:02:57+00:00","dateModified":"2025-04-01T16:02:21+00:00","breadcrumb":{"@id":"https:\/\/sjofiske.com\/et\/hinnad\/#breadcrumb"},"inLanguage":"et","potentialAction":[{"@type":"ReadAction","target":["https:\/\/sjofiske.com\/et\/hinnad\/"]}]},{"@type":"BreadcrumbList","@id":"https:\/\/sjofiske.com\/et\/hinnad\/#breadcrumb","itemListElement":[{"@type":"ListItem","position":1,"name":"Esileht","item":"https:\/\/sjofiske.com\/et\/"},{"@type":"ListItem","position":2,"name":"Hinnad"}]},{"@type":"WebSite","@id":"https:\/\/sjofiske.com\/et\/#website","url":"https:\/\/sjofiske.com\/et\/","name":"\u00d8ksfjord Sj\u00f8fiske","description":"","publisher":{"@id":"https:\/\/sjofiske.com\/et\/#organization"},"potentialAction":[{"@type":"SearchAction","target":{"@type":"EntryPoint","urlTemplate":"https:\/\/sjofiske.com\/et\/?s={search_term_string}"},"query-input":{"@type":"PropertyValueSpecification","valueRequired":true,"valueName":"search_term_string"}}],"inLanguage":"et"},{"@type":"Organization","@id":"https:\/\/sjofiske.com\/et\/#organization","name":"\u00d8ksfjord Sj\u00f8fiske","url":"https:\/\/sjofiske.com\/et\/","logo":{"@type":"ImageObject","inLanguage":"et","@id":"https:\/\/sjofiske.com\/et\/#\/schema\/logo\/image\/","url":"https:\/\/sjofiske.com\/wp-content\/uploads\/2024\/12\/sjofiske-logo.svg","contentUrl":"https:\/\/sjofiske.com\/wp-content\/uploads\/2024\/12\/sjofiske-logo.svg","width":390,"height":274,"caption":"\u00d8ksfjord Sj\u00f8fiske"},"image":{"@id":"https:\/\/sjofiske.com\/et\/#\/schema\/logo\/image\/"}}]}},"_links":{"self":[{"href":"https:\/\/sjofiske.com\/et\/wp-json\/wp\/v2\/pages\/3238","targetHints":{"allow":["GET"]}}],"collection":[{"href":"https:\/\/sjofiske.com\/et\/wp-json\/wp\/v2\/pages"}],"about":[{"href":"https:\/\/sjofiske.com\/et\/wp-json\/wp\/v2\/types\/page"}],"author":[{"embeddable":true,"href":"https:\/\/sjofiske.com\/et\/wp-json\/wp\/v2\/users\/1"}],"replies":[{"embeddable":true,"href":"https:\/\/sjofiske.com\/et\/wp-json\/wp\/v2\/comments?post=3238"}],"version-history":[{"count":1,"href":"https:\/\/sjofiske.com\/et\/wp-json\/wp\/v2\/pages\/3238\/revisions"}],"predecessor-version":[{"id":3239,"href":"https:\/\/sjofiske.com\/et\/wp-json\/wp\/v2\/pages\/3238\/revisions\/3239"}],"wp:attachment":[{"href":"https:\/\/sjofiske.com\/et\/wp-json\/wp\/v2\/media?parent=3238"}],"curies":[{"name":"wp","href":"https:\/\/api.w.org\/{rel}","templated":true}]}}