{"id":3234,"date":"2025-03-19T23:02:57","date_gmt":"2025-03-19T22:02:57","guid":{"rendered":"https:\/\/sjofiske.com\/hinnat\/"},"modified":"2025-04-01T17:44:54","modified_gmt":"2025-04-01T15:44:54","slug":"hinnat","status":"publish","type":"page","link":"https:\/\/sjofiske.com\/fi\/hinnat\/","title":{"rendered":"Hinnat"},"content":{"rendered":"\t\t<div data-elementor-type=\"wp-page\" data-elementor-id=\"3234\" class=\"elementor elementor-3234 elementor-3180\" data-elementor-post-type=\"page\">\n\t\t\t\t<div class=\"elementor-element elementor-element-a46fbb3 e-flex e-con-boxed e-con e-parent\" data-id=\"a46fbb3\" data-element_type=\"container\">\n\t\t\t\t\t<div class=\"e-con-inner\">\n\t\t\t\t<div class=\"elementor-element elementor-element-71c0323 elementor-widget elementor-widget-text-editor\" data-id=\"71c0323\" data-element_type=\"widget\" data-widget_type=\"text-editor.default\">\n\t\t\t\t<div class=\"elementor-widget-container\">\n\t\t\t\t\t\t\t\t\t<h2>1. Talot \/ Asunnot<\/h2>\n<table>\n<tbody>\n<tr>\n<th>Kohde <\/th>\n<th>Vuokrahinta (EUR)<\/th>\n<\/tr>\n<tr>\n<td>Olsen \u2013 sis\u00e4lt\u00e4\u00e4 1 veneen (3 makuuhuonetta \/ 5 henke\u00e4) <\/td>\n<td>2849 EUR \/ viikko<\/td>\n<\/tr>\n<tr>\n<td>Nilsen 1 sis\u00e4lsi 1 veneen. (3 makuuhuonetta \/ 6 henkil\u00f6\u00e4) <\/td>\n<td>2849 EUR \/ viikko<\/td>\n<\/tr>\n<tr>\n<td>Nilsen 2 sis\u00e4lsi 2 venett\u00e4. (4 makuuhuonetta \/ 8 henkil\u00f6\u00e4) <\/td>\n<td>4165 EUR \/ viikko<\/td>\n<\/tr>\n<tr>\n<td>Evenmo sis\u00e4lsi 2 venett\u00e4. (6 makuuhuonetta \/ 8 henkil\u00f6\u00e4) <\/td>\n<td>4165 EUR \/ viikko<\/td>\n<\/tr>\n<tr>\n<td>Loppa sis\u00e4lsi 2 venett\u00e4. (5 makuuhuonetta \/ 8 henkil\u00f6\u00e4) <\/td>\n<td>4165 EUR \/ viikko<\/td>\n<\/tr>\n<\/tbody>\n<\/table>\n<h2> <\/h2>\n<h2>2. Venevuokraus ja kuljetuspalvelut<\/h2>\n<table>\n<tbody>\n<tr>\n<th>Tuote <\/th>\n<th>Vuokrahinta (EUR)<\/th>\n<\/tr>\n<tr>\n<td>Lis\u00e4vene 21 jalkaa (6,3 m, 100 hv moottori) <\/td>\n<td>1200 EUR \/ viikko 200 EUR \/ p\u00e4iv\u00e4<\/td>\n<\/tr>\n<tr>\n<td>Kuljetus henkil\u00f6\u00e4 kohden <\/td>\n<td>150 EUR<\/td>\n<\/tr>\n<tr>\n<td>V\u00e4himm\u00e4ishinta kuljetukselle (matka Altaan) <\/td>\n<td>450 EUR<\/td>\n<\/tr>\n<tr>\n<td>Loppusiivous <\/td>\n<td>150 EUR<\/td>\n<\/tr>\n<\/tbody>\n<\/table>\n<h2> <\/h2>\n<h2>3. Turvavarusteiden vuokraus<\/h2>\n<table>\n<tbody>\n<tr>\n<th>Varuste <\/th>\n<th>Vuokrahinta (EUR)<\/th>\n<th>Takuumaksu (EUR)<\/th>\n<\/tr>\n<tr>\n<td>Kelluntahaalari (koot S\u2013 XXL), viikkovuokraus <\/td>\n<td>15 EUR \/ p\u00e4iv\u00e4 60 EUR \/ viikko <\/td>\n<td>&#8211;<\/td>\n<\/tr>\n<tr>\n<td>Pelastusliivit <\/td>\n<td>Sis\u00e4ltyy venevuokraan <\/td>\n<td>&#8211;<\/td>\n<\/tr>\n<tr>\n<td>Kumisaappaat <\/td>\n<td>Vuokrattavissa <\/td>\n<td>&#8211;<\/td>\n<\/tr>\n<\/tbody>\n<\/table>\n<h2> <\/h2>\n<h2>4. Kalastusv\u00e4lineiden vuokraus<\/h2>\n<table>\n<tbody>\n<tr>\n<th>Setti Sis\u00e4lt\u00e4\u00e4 <\/th>\n<th>Vuokrahinta (EUR) <\/th>\n<th>Takuumaksu (EUR)<\/th>\n<\/tr>\n<tr>\n<td>Premium s\u00e4hk\u00f6kela \/ vapa \/ siima S\u00e4hk\u00f6kela, j\u00e4re\u00e4 vapa, siima, ladattava akku <\/td>\n<td>30 EUR \/ p\u00e4iv\u00e4 150 EUR \/ viikko <\/td>\n<td>100 EUR<\/td>\n<\/tr>\n<tr>\n<td>Raskas k\u00e4sikela \/ vapa \/ siima Raskas k\u00e4sikela, j\u00e4re\u00e4 vapa, siima <\/td>\n<td>15 EUR \/ p\u00e4iv\u00e4 75 EUR \/ viikko <\/td>\n<td>50 EUR<\/td>\n<\/tr>\n<tr>\n<td>Tavallinen vapa \/ kela \/ siima Tavallinen vapa kela, siima <\/td>\n<td>10 EUR \/ 50 EUR \/ viikko <\/td>\n<td>50 EUR<\/td>\n<\/tr>\n<tr>\n<td>Akku s\u00e4hk\u00f6kelaan Pelkk\u00e4 akku <\/td>\n<td>5 EUR \/ p\u00e4iv\u00e4 25 EUR \/ viikko <\/td>\n<td>&#8211;<\/td>\n<\/tr>\n<tr>\n<td>\u00c4mp\u00e4ri tarvikepaketilla Kumikalat, erilaiset vieheet, koukut jne. <\/td>\n<td>15 EUR \/ p\u00e4iv\u00e4 60 EUR \/ viikko <\/td>\n<td>&#8211;<\/td>\n<\/tr>\n<\/tbody>\n<\/table>\n<p><strong>Huom! Kalastusv\u00e4lineet tulee varata etuk\u00e4teen saatavuuden varmistamiseksi!<\/strong><\/p>\n<h2> <\/h2>\n<h2>5. Vakumointilaitteet ja kalan k\u00e4sittely (vain ostettavaksi)<\/h2>\n<table>\n<tbody>\n<tr>\n<th>Tuote <\/th>\n<th>Ostohinta (EUR)<\/th>\n<\/tr>\n<tr>\n<td>Kalojen vakumointikone <\/td>\n<td>5 EUR \/ p\u00e4iv\u00e4 tai 25 EUR \/ viikko<\/td>\n<\/tr>\n<tr>\n<td>Vakumointirullat 20 cm x 6 m <\/td>\n<td>8 EUR \/ rulla<\/td>\n<\/tr>\n<tr>\n<td>Vakumointipussit 20 cm x 30 cm <\/td>\n<td>3 EUR \/ 10 kpl tai 20 EUR \/ 100 kpl<\/td>\n<\/tr>\n<\/tbody>\n<\/table>\n<h2> <\/h2>\n<h2>6. Kalojen kuljetuslaatikot (vain ostettavaksi)<\/h2>\n<table>\n<tbody>\n<tr>\n<th>Koko <\/th>\n<th>Ostohinta (EUR)<\/th>\n<\/tr>\n<tr>\n<td>Iso kuljetuslaatikko 20L (P 800mm, L 400mm, K 200mm) <\/td>\n<td>20 EUR \/ kpl<\/td>\n<\/tr>\n<\/tbody>\n<\/table>\n<h2> <\/h2>\n<h2>7. S\u00e4ilytys- ja pakastuspalvelut<\/h2>\n<table>\n<tbody>\n<tr>\n<th>Palvelu <\/th>\n<th>Vuokrahinta (EUR)<\/th>\n<\/tr>\n<tr>\n<td>Pakastintila kalalle <\/td>\n<td>Ilmainen<\/td>\n<\/tr>\n<\/tbody>\n<\/table>\n<p><strong>Isoja kaloja, unohtumattomia muistoja \u2013 nauti kalastuksesta kanssamme!<\/strong><\/p>\n\t\t\t\t\t\t\t\t<\/div>\n\t\t\t\t<\/div>\n\t\t\t\t\t<\/div>\n\t\t\t\t<\/div>\n\t\t\t\t<\/div>\n\t\t","protected":false},"excerpt":{"rendered":"<p>1. Talot \/ Asunnot Kohde Vuokrahinta (EUR) Olsen \u2013 sis\u00e4lt\u00e4\u00e4 1 veneen (3 makuuhuonetta \/ 5 henke\u00e4) 2849 EUR \/ viikko Nilsen 1 sis\u00e4lsi 1 veneen. (3 makuuhuonetta \/ 6 henkil\u00f6\u00e4) 2849 EUR \/ viikko Nilsen 2 sis\u00e4lsi 2 venett\u00e4. (4 makuuhuonetta \/ 8 henkil\u00f6\u00e4) 4165 EUR \/ viikko Evenmo sis\u00e4lsi 2 venett\u00e4. (6 makuuhuonetta [&hellip;]<\/p>\n","protected":false},"author":1,"featured_media":0,"parent":0,"menu_order":0,"comment_status":"closed","ping_status":"closed","template":"","meta":{"footnotes":""},"class_list":["post-3234","page","type-page","status-publish","hentry"],"acf":[],"yoast_head":"<!-- This site is optimized with the Yoast SEO plugin v26.6 - https:\/\/yoast.com\/wordpress\/plugins\/seo\/ -->\n<title>Hinnat | \u00d8ksfjord Sj\u00f8fiske<\/title>\n<meta name=\"robots\" content=\"index, follow, max-snippet:-1, max-image-preview:large, max-video-preview:-1\" \/>\n<link rel=\"canonical\" href=\"https:\/\/sjofiske.com\/fi\/hinnat\/\" \/>\n<meta property=\"og:locale\" content=\"fi_FI\" \/>\n<meta property=\"og:type\" content=\"article\" \/>\n<meta property=\"og:title\" content=\"Hinnat | \u00d8ksfjord Sj\u00f8fiske\" \/>\n<meta property=\"og:description\" content=\"1. Talot \/ Asunnot Kohde Vuokrahinta (EUR) Olsen \u2013 sis\u00e4lt\u00e4\u00e4 1 veneen (3 makuuhuonetta \/ 5 henke\u00e4) 2849 EUR \/ viikko Nilsen 1 sis\u00e4lsi 1 veneen. (3 makuuhuonetta \/ 6 henkil\u00f6\u00e4) 2849 EUR \/ viikko Nilsen 2 sis\u00e4lsi 2 venett\u00e4. (4 makuuhuonetta \/ 8 henkil\u00f6\u00e4) 4165 EUR \/ viikko Evenmo sis\u00e4lsi 2 venett\u00e4. (6 makuuhuonetta [&hellip;]\" \/>\n<meta property=\"og:url\" content=\"https:\/\/sjofiske.com\/fi\/hinnat\/\" \/>\n<meta property=\"og:site_name\" content=\"\u00d8ksfjord Sj\u00f8fiske\" \/>\n<meta property=\"article:modified_time\" content=\"2025-04-01T15:44:54+00:00\" \/>\n<meta property=\"og:image\" content=\"https:\/\/sjofiske.com\/wp-content\/uploads\/2025\/02\/sjofiske.jpg\" \/>\n\t<meta property=\"og:image:width\" content=\"1200\" \/>\n\t<meta property=\"og:image:height\" content=\"675\" \/>\n\t<meta property=\"og:image:type\" content=\"image\/jpeg\" \/>\n<meta name=\"twitter:card\" content=\"summary_large_image\" \/>\n<meta name=\"twitter:label1\" content=\"Arvioitu lukuaika\" \/>\n\t<meta name=\"twitter:data1\" content=\"1 minuutti\" \/>\n<script type=\"application\/ld+json\" class=\"yoast-schema-graph\">{\"@context\":\"https:\/\/schema.org\",\"@graph\":[{\"@type\":\"WebPage\",\"@id\":\"https:\/\/sjofiske.com\/fi\/hinnat\/\",\"url\":\"https:\/\/sjofiske.com\/fi\/hinnat\/\",\"name\":\"Hinnat | \u00d8ksfjord Sj\u00f8fiske\",\"isPartOf\":{\"@id\":\"https:\/\/sjofiske.com\/fi\/#website\"},\"datePublished\":\"2025-03-19T22:02:57+00:00\",\"dateModified\":\"2025-04-01T15:44:54+00:00\",\"breadcrumb\":{\"@id\":\"https:\/\/sjofiske.com\/fi\/hinnat\/#breadcrumb\"},\"inLanguage\":\"fi\",\"potentialAction\":[{\"@type\":\"ReadAction\",\"target\":[\"https:\/\/sjofiske.com\/fi\/hinnat\/\"]}]},{\"@type\":\"BreadcrumbList\",\"@id\":\"https:\/\/sjofiske.com\/fi\/hinnat\/#breadcrumb\",\"itemListElement\":[{\"@type\":\"ListItem\",\"position\":1,\"name\":\"Etusivu\",\"item\":\"https:\/\/sjofiske.com\/fi\/\"},{\"@type\":\"ListItem\",\"position\":2,\"name\":\"Hinnat\"}]},{\"@type\":\"WebSite\",\"@id\":\"https:\/\/sjofiske.com\/fi\/#website\",\"url\":\"https:\/\/sjofiske.com\/fi\/\",\"name\":\"\u00d8ksfjord Sj\u00f8fiske\",\"description\":\"\",\"publisher\":{\"@id\":\"https:\/\/sjofiske.com\/fi\/#organization\"},\"potentialAction\":[{\"@type\":\"SearchAction\",\"target\":{\"@type\":\"EntryPoint\",\"urlTemplate\":\"https:\/\/sjofiske.com\/fi\/?s={search_term_string}\"},\"query-input\":{\"@type\":\"PropertyValueSpecification\",\"valueRequired\":true,\"valueName\":\"search_term_string\"}}],\"inLanguage\":\"fi\"},{\"@type\":\"Organization\",\"@id\":\"https:\/\/sjofiske.com\/fi\/#organization\",\"name\":\"\u00d8ksfjord Sj\u00f8fiske\",\"url\":\"https:\/\/sjofiske.com\/fi\/\",\"logo\":{\"@type\":\"ImageObject\",\"inLanguage\":\"fi\",\"@id\":\"https:\/\/sjofiske.com\/fi\/#\/schema\/logo\/image\/\",\"url\":\"https:\/\/sjofiske.com\/wp-content\/uploads\/2024\/12\/sjofiske-logo.svg\",\"contentUrl\":\"https:\/\/sjofiske.com\/wp-content\/uploads\/2024\/12\/sjofiske-logo.svg\",\"width\":390,\"height\":274,\"caption\":\"\u00d8ksfjord Sj\u00f8fiske\"},\"image\":{\"@id\":\"https:\/\/sjofiske.com\/fi\/#\/schema\/logo\/image\/\"}}]}<\/script>\n<!-- \/ Yoast SEO plugin. -->","yoast_head_json":{"title":"Hinnat | \u00d8ksfjord Sj\u00f8fiske","robots":{"index":"index","follow":"follow","max-snippet":"max-snippet:-1","max-image-preview":"max-image-preview:large","max-video-preview":"max-video-preview:-1"},"canonical":"https:\/\/sjofiske.com\/fi\/hinnat\/","og_locale":"fi_FI","og_type":"article","og_title":"Hinnat | \u00d8ksfjord Sj\u00f8fiske","og_description":"1. Talot \/ Asunnot Kohde Vuokrahinta (EUR) Olsen \u2013 sis\u00e4lt\u00e4\u00e4 1 veneen (3 makuuhuonetta \/ 5 henke\u00e4) 2849 EUR \/ viikko Nilsen 1 sis\u00e4lsi 1 veneen. (3 makuuhuonetta \/ 6 henkil\u00f6\u00e4) 2849 EUR \/ viikko Nilsen 2 sis\u00e4lsi 2 venett\u00e4. (4 makuuhuonetta \/ 8 henkil\u00f6\u00e4) 4165 EUR \/ viikko Evenmo sis\u00e4lsi 2 venett\u00e4. (6 makuuhuonetta [&hellip;]","og_url":"https:\/\/sjofiske.com\/fi\/hinnat\/","og_site_name":"\u00d8ksfjord Sj\u00f8fiske","article_modified_time":"2025-04-01T15:44:54+00:00","og_image":[{"width":1200,"height":675,"url":"https:\/\/sjofiske.com\/wp-content\/uploads\/2025\/02\/sjofiske.jpg","type":"image\/jpeg"}],"twitter_card":"summary_large_image","twitter_misc":{"Arvioitu lukuaika":"1 minuutti"},"schema":{"@context":"https:\/\/schema.org","@graph":[{"@type":"WebPage","@id":"https:\/\/sjofiske.com\/fi\/hinnat\/","url":"https:\/\/sjofiske.com\/fi\/hinnat\/","name":"Hinnat | \u00d8ksfjord Sj\u00f8fiske","isPartOf":{"@id":"https:\/\/sjofiske.com\/fi\/#website"},"datePublished":"2025-03-19T22:02:57+00:00","dateModified":"2025-04-01T15:44:54+00:00","breadcrumb":{"@id":"https:\/\/sjofiske.com\/fi\/hinnat\/#breadcrumb"},"inLanguage":"fi","potentialAction":[{"@type":"ReadAction","target":["https:\/\/sjofiske.com\/fi\/hinnat\/"]}]},{"@type":"BreadcrumbList","@id":"https:\/\/sjofiske.com\/fi\/hinnat\/#breadcrumb","itemListElement":[{"@type":"ListItem","position":1,"name":"Etusivu","item":"https:\/\/sjofiske.com\/fi\/"},{"@type":"ListItem","position":2,"name":"Hinnat"}]},{"@type":"WebSite","@id":"https:\/\/sjofiske.com\/fi\/#website","url":"https:\/\/sjofiske.com\/fi\/","name":"\u00d8ksfjord Sj\u00f8fiske","description":"","publisher":{"@id":"https:\/\/sjofiske.com\/fi\/#organization"},"potentialAction":[{"@type":"SearchAction","target":{"@type":"EntryPoint","urlTemplate":"https:\/\/sjofiske.com\/fi\/?s={search_term_string}"},"query-input":{"@type":"PropertyValueSpecification","valueRequired":true,"valueName":"search_term_string"}}],"inLanguage":"fi"},{"@type":"Organization","@id":"https:\/\/sjofiske.com\/fi\/#organization","name":"\u00d8ksfjord Sj\u00f8fiske","url":"https:\/\/sjofiske.com\/fi\/","logo":{"@type":"ImageObject","inLanguage":"fi","@id":"https:\/\/sjofiske.com\/fi\/#\/schema\/logo\/image\/","url":"https:\/\/sjofiske.com\/wp-content\/uploads\/2024\/12\/sjofiske-logo.svg","contentUrl":"https:\/\/sjofiske.com\/wp-content\/uploads\/2024\/12\/sjofiske-logo.svg","width":390,"height":274,"caption":"\u00d8ksfjord Sj\u00f8fiske"},"image":{"@id":"https:\/\/sjofiske.com\/fi\/#\/schema\/logo\/image\/"}}]}},"_links":{"self":[{"href":"https:\/\/sjofiske.com\/fi\/wp-json\/wp\/v2\/pages\/3234","targetHints":{"allow":["GET"]}}],"collection":[{"href":"https:\/\/sjofiske.com\/fi\/wp-json\/wp\/v2\/pages"}],"about":[{"href":"https:\/\/sjofiske.com\/fi\/wp-json\/wp\/v2\/types\/page"}],"author":[{"embeddable":true,"href":"https:\/\/sjofiske.com\/fi\/wp-json\/wp\/v2\/users\/1"}],"replies":[{"embeddable":true,"href":"https:\/\/sjofiske.com\/fi\/wp-json\/wp\/v2\/comments?post=3234"}],"version-history":[{"count":1,"href":"https:\/\/sjofiske.com\/fi\/wp-json\/wp\/v2\/pages\/3234\/revisions"}],"predecessor-version":[{"id":3235,"href":"https:\/\/sjofiske.com\/fi\/wp-json\/wp\/v2\/pages\/3234\/revisions\/3235"}],"wp:attachment":[{"href":"https:\/\/sjofiske.com\/fi\/wp-json\/wp\/v2\/media?parent=3234"}],"curies":[{"name":"wp","href":"https:\/\/api.w.org\/{rel}","templated":true}]}}