{"id":3232,"date":"2025-03-19T23:02:57","date_gmt":"2025-03-19T22:02:57","guid":{"rendered":"https:\/\/sjofiske.com\/priser\/"},"modified":"2025-04-01T17:33:33","modified_gmt":"2025-04-01T15:33:33","slug":"priser","status":"publish","type":"page","link":"https:\/\/sjofiske.com\/no\/priser\/","title":{"rendered":"Priser"},"content":{"rendered":"\t\t<div data-elementor-type=\"wp-page\" data-elementor-id=\"3232\" class=\"elementor elementor-3232 elementor-3180\" data-elementor-post-type=\"page\">\n\t\t\t\t<div class=\"elementor-element elementor-element-a46fbb3 e-flex e-con-boxed e-con e-parent\" data-id=\"a46fbb3\" data-element_type=\"container\">\n\t\t\t\t\t<div class=\"e-con-inner\">\n\t\t\t\t<div class=\"elementor-element elementor-element-71c0323 elementor-widget elementor-widget-text-editor\" data-id=\"71c0323\" data-element_type=\"widget\" data-widget_type=\"text-editor.default\">\n\t\t\t\t<div class=\"elementor-widget-container\">\n\t\t\t\t\t\t\t\t\t<h2>1. Hus \/ Leiligheter<\/h2>\n<table>\n<tbody>\n<tr>\n<th>Overnatting <\/th>\n<th>Leiepris (EUR)<\/th>\n<\/tr>\n<tr>\n<td>Olsen \u2013 inkluderer 1 b\u00e5t (3 soverom \/ 5 personer) <\/td>\n<td>2849 EUR \/ uke<\/td>\n<\/tr>\n<tr>\n<td>Nilsen 1 inkluderte 1 b\u00e5t. (3 soverom\/6 personer) <\/td>\n<td>2849 EUR \/ uke<\/td>\n<\/tr>\n<tr>\n<td>Nilsen 2 inkluderte 2 b\u00e5ter. (4 soverom\/8 personer) <\/td>\n<td>4165 EUR \/ uke<\/td>\n<\/tr>\n<tr>\n<td>Evenmo inkluderte 2 b\u00e5ter. (6 soverom\/8 personer) <\/td>\n<td>4165 EUR \/ uke<\/td>\n<\/tr>\n<tr>\n<td>Loppa inkluderte 2 b\u00e5ter. (5 soverom\/8 personer) <\/td>\n<td>4165 EUR \/ uke<\/td>\n<\/tr>\n<\/tbody>\n<\/table>\n<h2> <\/h2>\n<h2>2. B\u00e5tutleie og Transporttjenester<\/h2>\n<table>\n<tbody>\n<tr>\n<th>Tjeneste <\/th>\n<th>Leiepris (EUR)<\/th>\n<\/tr>\n<tr>\n<td>Ekstra b\u00e5t 21 fot (6,3 m, 100HK motor) <\/td>\n<td>1200 EUR \/ uke 200 EUR \/ dag<\/td>\n<\/tr>\n<tr>\n<td>Transport per person <\/td>\n<td>150 EUR<\/td>\n<\/tr>\n<tr>\n<td>Minimumspris for transport (tur til Alta) <\/td>\n<td>450 EUR<\/td>\n<\/tr>\n<tr>\n<td>Sluttrengj\u00f8ring <\/td>\n<td>150 EUR<\/td>\n<\/tr>\n<\/tbody>\n<\/table>\n<h2> <\/h2>\n<h2>3. Utleie av sikkerhetsutstyr<\/h2>\n<table>\n<tbody>\n<tr>\n<th>Utstyr <\/th>\n<th>Leiepris (EUR) <\/th>\n<th>Depositum (EUR)<\/th>\n<\/tr>\n<tr>\n<td>Flytedress (st\u00f8rrelse S\u2013 XXL), ukesleie <\/td>\n<td>15 EUR \/ dag 60 EUR \/ uke <\/td>\n<td>&#8211;<\/td>\n<\/tr>\n<tr>\n<td>Redningsvest <\/td>\n<td>Inkludert i b\u00e5tutleie <\/td>\n<td>&#8211;<\/td>\n<\/tr>\n<tr>\n<td>Gummist\u00f8vler <\/td>\n<td>Tilgjengelig for utleie <\/td>\n<td>&#8211;<\/td>\n<\/tr>\n<\/tbody>\n<\/table>\n<h2> <\/h2>\n<h2>4. Utleie av fiskeutstyr<\/h2>\n<table>\n<tbody>\n<tr>\n<th>Pakke Inneholder <\/th>\n<th>Leiepris (EUR) <\/th>\n<th>Depositum (EUR)<\/th>\n<\/tr>\n<tr>\n<td>Premium elektrisk snelle \/ stang \/ sn\u00f8re Elektrisk snelle, kraftig stang, sn\u00f8re, oppladbart batteri <\/td>\n<td>30 EUR \/ dag 150 EUR \/ uke <\/td>\n<td>100 EUR<\/td>\n<\/tr>\n<tr>\n<td>Kraftig manuell snelle \/ stang \/ sn\u00f8re Manuell snelle, kraftig stang, sn\u00f8re <\/td>\n<td>15 EUR \/ dag 75 EUR \/ uke <\/td>\n<td>50 EUR<\/td>\n<\/tr>\n<tr>\n<td>Standard stang \/snelle \/ sn\u00f8re Standard stang, snelle, sn\u00f8re <\/td>\n<td>10 EUR \/ dag 50 EUR \/ uke <\/td>\n<td>50 EUR<\/td>\n<\/tr>\n<tr>\n<td>Batteri til elektrisk snelle Kun batteri <\/td>\n<td>5 EUR \/ dag 25 EUR \/ uke <\/td>\n<td>&#8211;<\/td>\n<\/tr>\n<tr>\n<td>B\u00f8tte med utstyr Gummifisk, forskjellige agn, kroker m.m. <\/td>\n<td>15 EUR \/ dag 60 EUR \/ uke <\/td>\n<td>&#8211;<\/td>\n<\/tr>\n<\/tbody>\n<\/table>\n<p><strong>Merk: Fiskeutstyr m\u00e5 forh\u00e5ndsbestilles for \u00e5 sikre tilgjengelighet!<\/strong><\/p>\n<h2> <\/h2>\n<h2>5. Vakuumpakking og fiskeh\u00e5ndteringsutstyr (Kun for kj\u00f8p)<\/h2>\n<table>\n<tbody>\n<tr>\n<th>Produkt <\/th>\n<th>Kj\u00f8pspris (EUR)<\/th>\n<\/tr>\n<tr>\n<td>Vakuumpakkemaskin for fisk <\/td>\n<td>5 EUR \/ dag eller 25 EUR \/ uke<\/td>\n<\/tr>\n<tr>\n<td>Vakuumruller 20 cm x 6 m <\/td>\n<td>8 EUR \/ rull<\/td>\n<\/tr>\n<tr>\n<td>Vakuumposer 20 cm x 30 cm <\/td>\n<td>3 EUR \/ 10 stk eller 20 EUR \/ 100 stk<\/td>\n<\/tr>\n<\/tbody>\n<\/table>\n<h2> <\/h2>\n<h2>6. Transportbokser for fisk (Kun for kj\u00f8p)<\/h2>\n<table>\n<tbody>\n<tr>\n<th>St\u00f8rrelse<\/th>\n<th>Kj\u00f8pspris (EUR)<\/th>\n<\/tr>\n<tr>\n<td>Stor transportboks 20L (L 800mm, B 400mm, H 200mm) <\/td>\n<td>20 EUR \/ stk<\/td>\n<\/tr>\n<\/tbody>\n<\/table>\n<h2> <\/h2>\n<h2>7. Lagrings- og frysetjenester<\/h2>\n<table>\n<tbody>\n<tr>\n<th>Tjeneste <\/th>\n<th>Leiepris (EUR)<\/th>\n<\/tr>\n<tr>\n<td>Fryselagring for fisk <\/td>\n<td>Gratis<\/td>\n<\/tr>\n<\/tbody>\n<\/table>\n<p><strong>Store fisker, store minner \u2013 nyt fisket sammen med oss!<\/strong><\/p>\n\t\t\t\t\t\t\t\t<\/div>\n\t\t\t\t<\/div>\n\t\t\t\t\t<\/div>\n\t\t\t\t<\/div>\n\t\t\t\t<\/div>\n\t\t","protected":false},"excerpt":{"rendered":"<p>1. Hus \/ Leiligheter Overnatting Leiepris (EUR) Olsen \u2013 inkluderer 1 b\u00e5t (3 soverom \/ 5 personer) 2849 EUR \/ uke Nilsen 1 inkluderte 1 b\u00e5t. (3 soverom\/6 personer) 2849 EUR \/ uke Nilsen 2 inkluderte 2 b\u00e5ter. (4 soverom\/8 personer) 4165 EUR \/ uke Evenmo inkluderte 2 b\u00e5ter. (6 soverom\/8 personer) 4165 EUR \/ [&hellip;]<\/p>\n","protected":false},"author":1,"featured_media":0,"parent":0,"menu_order":0,"comment_status":"closed","ping_status":"closed","template":"","meta":{"footnotes":""},"class_list":["post-3232","page","type-page","status-publish","hentry"],"acf":[],"yoast_head":"<!-- This site is optimized with the Yoast SEO plugin v26.6 - https:\/\/yoast.com\/wordpress\/plugins\/seo\/ -->\n<title>Priser | \u00d8ksfjord Sj\u00f8fiske<\/title>\n<meta name=\"robots\" content=\"index, follow, max-snippet:-1, max-image-preview:large, max-video-preview:-1\" \/>\n<link rel=\"canonical\" href=\"https:\/\/sjofiske.com\/no\/priser\/\" \/>\n<meta property=\"og:locale\" content=\"nb_NO\" \/>\n<meta property=\"og:type\" content=\"article\" \/>\n<meta property=\"og:title\" content=\"Priser | \u00d8ksfjord Sj\u00f8fiske\" \/>\n<meta property=\"og:description\" content=\"1. Hus \/ Leiligheter Overnatting Leiepris (EUR) Olsen \u2013 inkluderer 1 b\u00e5t (3 soverom \/ 5 personer) 2849 EUR \/ uke Nilsen 1 inkluderte 1 b\u00e5t. (3 soverom\/6 personer) 2849 EUR \/ uke Nilsen 2 inkluderte 2 b\u00e5ter. (4 soverom\/8 personer) 4165 EUR \/ uke Evenmo inkluderte 2 b\u00e5ter. (6 soverom\/8 personer) 4165 EUR \/ [&hellip;]\" \/>\n<meta property=\"og:url\" content=\"https:\/\/sjofiske.com\/no\/priser\/\" \/>\n<meta property=\"og:site_name\" content=\"\u00d8ksfjord Sj\u00f8fiske\" \/>\n<meta property=\"article:modified_time\" content=\"2025-04-01T15:33:33+00:00\" \/>\n<meta property=\"og:image\" content=\"https:\/\/sjofiske.com\/wp-content\/uploads\/2025\/02\/sjofiske.jpg\" \/>\n\t<meta property=\"og:image:width\" content=\"1200\" \/>\n\t<meta property=\"og:image:height\" content=\"675\" \/>\n\t<meta property=\"og:image:type\" content=\"image\/jpeg\" \/>\n<meta name=\"twitter:card\" content=\"summary_large_image\" \/>\n<meta name=\"twitter:label1\" content=\"Ansl. lesetid\" \/>\n\t<meta name=\"twitter:data1\" content=\"1 minutt\" \/>\n<script type=\"application\/ld+json\" class=\"yoast-schema-graph\">{\"@context\":\"https:\/\/schema.org\",\"@graph\":[{\"@type\":\"WebPage\",\"@id\":\"https:\/\/sjofiske.com\/no\/priser\/\",\"url\":\"https:\/\/sjofiske.com\/no\/priser\/\",\"name\":\"Priser | \u00d8ksfjord Sj\u00f8fiske\",\"isPartOf\":{\"@id\":\"https:\/\/sjofiske.com\/no\/#website\"},\"datePublished\":\"2025-03-19T22:02:57+00:00\",\"dateModified\":\"2025-04-01T15:33:33+00:00\",\"breadcrumb\":{\"@id\":\"https:\/\/sjofiske.com\/no\/priser\/#breadcrumb\"},\"inLanguage\":\"nb-NO\",\"potentialAction\":[{\"@type\":\"ReadAction\",\"target\":[\"https:\/\/sjofiske.com\/no\/priser\/\"]}]},{\"@type\":\"BreadcrumbList\",\"@id\":\"https:\/\/sjofiske.com\/no\/priser\/#breadcrumb\",\"itemListElement\":[{\"@type\":\"ListItem\",\"position\":1,\"name\":\"Hjemmeside\",\"item\":\"https:\/\/sjofiske.com\/no\/\"},{\"@type\":\"ListItem\",\"position\":2,\"name\":\"Priser\"}]},{\"@type\":\"WebSite\",\"@id\":\"https:\/\/sjofiske.com\/no\/#website\",\"url\":\"https:\/\/sjofiske.com\/no\/\",\"name\":\"\u00d8ksfjord Sj\u00f8fiske\",\"description\":\"\",\"publisher\":{\"@id\":\"https:\/\/sjofiske.com\/no\/#organization\"},\"potentialAction\":[{\"@type\":\"SearchAction\",\"target\":{\"@type\":\"EntryPoint\",\"urlTemplate\":\"https:\/\/sjofiske.com\/no\/?s={search_term_string}\"},\"query-input\":{\"@type\":\"PropertyValueSpecification\",\"valueRequired\":true,\"valueName\":\"search_term_string\"}}],\"inLanguage\":\"nb-NO\"},{\"@type\":\"Organization\",\"@id\":\"https:\/\/sjofiske.com\/no\/#organization\",\"name\":\"\u00d8ksfjord Sj\u00f8fiske\",\"url\":\"https:\/\/sjofiske.com\/no\/\",\"logo\":{\"@type\":\"ImageObject\",\"inLanguage\":\"nb-NO\",\"@id\":\"https:\/\/sjofiske.com\/no\/#\/schema\/logo\/image\/\",\"url\":\"https:\/\/sjofiske.com\/wp-content\/uploads\/2024\/12\/sjofiske-logo.svg\",\"contentUrl\":\"https:\/\/sjofiske.com\/wp-content\/uploads\/2024\/12\/sjofiske-logo.svg\",\"width\":390,\"height\":274,\"caption\":\"\u00d8ksfjord Sj\u00f8fiske\"},\"image\":{\"@id\":\"https:\/\/sjofiske.com\/no\/#\/schema\/logo\/image\/\"}}]}<\/script>\n<!-- \/ Yoast SEO plugin. -->","yoast_head_json":{"title":"Priser | \u00d8ksfjord Sj\u00f8fiske","robots":{"index":"index","follow":"follow","max-snippet":"max-snippet:-1","max-image-preview":"max-image-preview:large","max-video-preview":"max-video-preview:-1"},"canonical":"https:\/\/sjofiske.com\/no\/priser\/","og_locale":"nb_NO","og_type":"article","og_title":"Priser | \u00d8ksfjord Sj\u00f8fiske","og_description":"1. Hus \/ Leiligheter Overnatting Leiepris (EUR) Olsen \u2013 inkluderer 1 b\u00e5t (3 soverom \/ 5 personer) 2849 EUR \/ uke Nilsen 1 inkluderte 1 b\u00e5t. (3 soverom\/6 personer) 2849 EUR \/ uke Nilsen 2 inkluderte 2 b\u00e5ter. (4 soverom\/8 personer) 4165 EUR \/ uke Evenmo inkluderte 2 b\u00e5ter. (6 soverom\/8 personer) 4165 EUR \/ [&hellip;]","og_url":"https:\/\/sjofiske.com\/no\/priser\/","og_site_name":"\u00d8ksfjord Sj\u00f8fiske","article_modified_time":"2025-04-01T15:33:33+00:00","og_image":[{"width":1200,"height":675,"url":"https:\/\/sjofiske.com\/wp-content\/uploads\/2025\/02\/sjofiske.jpg","type":"image\/jpeg"}],"twitter_card":"summary_large_image","twitter_misc":{"Ansl. lesetid":"1 minutt"},"schema":{"@context":"https:\/\/schema.org","@graph":[{"@type":"WebPage","@id":"https:\/\/sjofiske.com\/no\/priser\/","url":"https:\/\/sjofiske.com\/no\/priser\/","name":"Priser | \u00d8ksfjord Sj\u00f8fiske","isPartOf":{"@id":"https:\/\/sjofiske.com\/no\/#website"},"datePublished":"2025-03-19T22:02:57+00:00","dateModified":"2025-04-01T15:33:33+00:00","breadcrumb":{"@id":"https:\/\/sjofiske.com\/no\/priser\/#breadcrumb"},"inLanguage":"nb-NO","potentialAction":[{"@type":"ReadAction","target":["https:\/\/sjofiske.com\/no\/priser\/"]}]},{"@type":"BreadcrumbList","@id":"https:\/\/sjofiske.com\/no\/priser\/#breadcrumb","itemListElement":[{"@type":"ListItem","position":1,"name":"Hjemmeside","item":"https:\/\/sjofiske.com\/no\/"},{"@type":"ListItem","position":2,"name":"Priser"}]},{"@type":"WebSite","@id":"https:\/\/sjofiske.com\/no\/#website","url":"https:\/\/sjofiske.com\/no\/","name":"\u00d8ksfjord Sj\u00f8fiske","description":"","publisher":{"@id":"https:\/\/sjofiske.com\/no\/#organization"},"potentialAction":[{"@type":"SearchAction","target":{"@type":"EntryPoint","urlTemplate":"https:\/\/sjofiske.com\/no\/?s={search_term_string}"},"query-input":{"@type":"PropertyValueSpecification","valueRequired":true,"valueName":"search_term_string"}}],"inLanguage":"nb-NO"},{"@type":"Organization","@id":"https:\/\/sjofiske.com\/no\/#organization","name":"\u00d8ksfjord Sj\u00f8fiske","url":"https:\/\/sjofiske.com\/no\/","logo":{"@type":"ImageObject","inLanguage":"nb-NO","@id":"https:\/\/sjofiske.com\/no\/#\/schema\/logo\/image\/","url":"https:\/\/sjofiske.com\/wp-content\/uploads\/2024\/12\/sjofiske-logo.svg","contentUrl":"https:\/\/sjofiske.com\/wp-content\/uploads\/2024\/12\/sjofiske-logo.svg","width":390,"height":274,"caption":"\u00d8ksfjord Sj\u00f8fiske"},"image":{"@id":"https:\/\/sjofiske.com\/no\/#\/schema\/logo\/image\/"}}]}},"_links":{"self":[{"href":"https:\/\/sjofiske.com\/no\/wp-json\/wp\/v2\/pages\/3232","targetHints":{"allow":["GET"]}}],"collection":[{"href":"https:\/\/sjofiske.com\/no\/wp-json\/wp\/v2\/pages"}],"about":[{"href":"https:\/\/sjofiske.com\/no\/wp-json\/wp\/v2\/types\/page"}],"author":[{"embeddable":true,"href":"https:\/\/sjofiske.com\/no\/wp-json\/wp\/v2\/users\/1"}],"replies":[{"embeddable":true,"href":"https:\/\/sjofiske.com\/no\/wp-json\/wp\/v2\/comments?post=3232"}],"version-history":[{"count":1,"href":"https:\/\/sjofiske.com\/no\/wp-json\/wp\/v2\/pages\/3232\/revisions"}],"predecessor-version":[{"id":3233,"href":"https:\/\/sjofiske.com\/no\/wp-json\/wp\/v2\/pages\/3232\/revisions\/3233"}],"wp:attachment":[{"href":"https:\/\/sjofiske.com\/no\/wp-json\/wp\/v2\/media?parent=3232"}],"curies":[{"name":"wp","href":"https:\/\/api.w.org\/{rel}","templated":true}]}}