{"id":1987,"date":"2024-12-13T20:45:28","date_gmt":"2024-12-13T19:45:28","guid":{"rendered":"https:\/\/sjofiske.com\/kontakta\/"},"modified":"2025-06-18T11:56:05","modified_gmt":"2025-06-18T09:56:05","slug":"kontakta","status":"publish","type":"page","link":"https:\/\/sjofiske.com\/sv\/kontakta\/","title":{"rendered":"Kontakta"},"content":{"rendered":"\t\t<div data-elementor-type=\"wp-page\" data-elementor-id=\"1987\" class=\"elementor elementor-1987 elementor-337\" data-elementor-post-type=\"page\">\n\t\t\t\t<div class=\"elementor-element elementor-element-b3b344a e-flex e-con-boxed e-con e-parent\" data-id=\"b3b344a\" data-element_type=\"container\" data-e-type=\"container\">\n\t\t\t\t\t<div class=\"e-con-inner\">\n\t\t<div class=\"elementor-element elementor-element-a4ebe8e e-con-full e-flex e-con e-child\" data-id=\"a4ebe8e\" data-element_type=\"container\" data-e-type=\"container\">\n\t\t<div class=\"elementor-element elementor-element-950f58c e-con-full e-flex e-con e-child\" data-id=\"950f58c\" data-element_type=\"container\" data-e-type=\"container\">\n\t\t\t\t<div class=\"elementor-element elementor-element-20b7ecb elementor-widget elementor-widget-heading\" data-id=\"20b7ecb\" data-element_type=\"widget\" data-e-type=\"widget\" data-widget_type=\"heading.default\">\n\t\t\t\t<div class=\"elementor-widget-container\">\n\t\t\t\t\t<p class=\"elementor-heading-title elementor-size-default\">Norges kontor<\/p>\t\t\t\t<\/div>\n\t\t\t\t<\/div>\n\t\t\t\t<div class=\"elementor-element elementor-element-c0e096a elementor-widget elementor-widget-image\" data-id=\"c0e096a\" data-element_type=\"widget\" data-e-type=\"widget\" data-widget_type=\"image.default\">\n\t\t\t\t<div class=\"elementor-widget-container\">\n\t\t\t\t\t\t\t\t\t\t\t\t\t\t\t<img decoding=\"async\" width=\"22\" height=\"16\" src=\"https:\/\/sjofiske.com\/wp-content\/uploads\/2024\/12\/Flag_of_Norway.svg\" class=\"attachment-large size-large wp-image-1451\" alt=\"\" \/>\t\t\t\t\t\t\t\t\t\t\t\t\t\t\t<\/div>\n\t\t\t\t<\/div>\n\t\t\t\t<\/div>\n\t\t\t\t<div class=\"elementor-element elementor-element-c7cbc54 elementor-icon-list--layout-traditional elementor-list-item-link-full_width elementor-widget elementor-widget-icon-list\" data-id=\"c7cbc54\" data-element_type=\"widget\" data-e-type=\"widget\" data-widget_type=\"icon-list.default\">\n\t\t\t\t<div class=\"elementor-widget-container\">\n\t\t\t\t\t\t\t<ul class=\"elementor-icon-list-items\">\n\t\t\t\t\t\t\t<li class=\"elementor-icon-list-item\">\n\t\t\t\t\t\t\t\t\t\t\t<a href=\"mailto:post@sjofiske.com\">\n\n\t\t\t\t\t\t\t\t\t\t\t\t<span class=\"elementor-icon-list-icon\">\n\t\t\t\t\t\t\t<svg aria-hidden=\"true\" class=\"e-font-icon-svg e-fas-envelope\" viewBox=\"0 0 512 512\" xmlns=\"http:\/\/www.w3.org\/2000\/svg\"><path d=\"M502.3 190.8c3.9-3.1 9.7-.2 9.7 4.7V400c0 26.5-21.5 48-48 48H48c-26.5 0-48-21.5-48-48V195.6c0-5 5.7-7.8 9.7-4.7 22.4 17.4 52.1 39.5 154.1 113.6 21.1 15.4 56.7 47.8 92.2 47.6 35.7.3 72-32.8 92.3-47.6 102-74.1 131.6-96.3 154-113.7zM256 320c23.2.4 56.6-29.2 73.4-41.4 132.7-96.3 142.8-104.7 173.4-128.7 5.8-4.5 9.2-11.5 9.2-18.9v-19c0-26.5-21.5-48-48-48H48C21.5 64 0 85.5 0 112v19c0 7.4 3.4 14.3 9.2 18.9 30.6 23.9 40.7 32.4 173.4 128.7 16.8 12.2 50.2 41.8 73.4 41.4z\"><\/path><\/svg>\t\t\t\t\t\t<\/span>\n\t\t\t\t\t\t\t\t\t\t<span class=\"elementor-icon-list-text\">post@sjofiske.com<\/span>\n\t\t\t\t\t\t\t\t\t\t\t<\/a>\n\t\t\t\t\t\t\t\t\t<\/li>\n\t\t\t\t\t\t\t\t<li class=\"elementor-icon-list-item\">\n\t\t\t\t\t\t\t\t\t\t\t<a href=\"tel:+4790477661\">\n\n\t\t\t\t\t\t\t\t\t\t\t\t<span class=\"elementor-icon-list-icon\">\n\t\t\t\t\t\t\t<svg aria-hidden=\"true\" class=\"e-font-icon-svg e-fas-phone-alt\" viewBox=\"0 0 512 512\" xmlns=\"http:\/\/www.w3.org\/2000\/svg\"><path d=\"M497.39 361.8l-112-48a24 24 0 0 0-28 6.9l-49.6 60.6A370.66 370.66 0 0 1 130.6 204.11l60.6-49.6a23.94 23.94 0 0 0 6.9-28l-48-112A24.16 24.16 0 0 0 122.6.61l-104 24A24 24 0 0 0 0 48c0 256.5 207.9 464 464 464a24 24 0 0 0 23.4-18.6l24-104a24.29 24.29 0 0 0-14.01-27.6z\"><\/path><\/svg>\t\t\t\t\t\t<\/span>\n\t\t\t\t\t\t\t\t\t\t<span class=\"elementor-icon-list-text\">+47 904 77 661<\/span>\n\t\t\t\t\t\t\t\t\t\t\t<\/a>\n\t\t\t\t\t\t\t\t\t<\/li>\n\t\t\t\t\t\t\t\t<li class=\"elementor-icon-list-item\">\n\t\t\t\t\t\t\t\t\t\t\t<span class=\"elementor-icon-list-icon\">\n\t\t\t\t\t\t\t<svg aria-hidden=\"true\" class=\"e-font-icon-svg e-fas-map-marker-alt\" viewBox=\"0 0 384 512\" xmlns=\"http:\/\/www.w3.org\/2000\/svg\"><path d=\"M172.268 501.67C26.97 291.031 0 269.413 0 192 0 85.961 85.961 0 192 0s192 85.961 192 192c0 77.413-26.97 99.031-172.268 309.67-9.535 13.774-29.93 13.773-39.464 0zM192 272c44.183 0 80-35.817 80-80s-35.817-80-80-80-80 35.817-80 80 35.817 80 80 80z\"><\/path><\/svg>\t\t\t\t\t\t<\/span>\n\t\t\t\t\t\t\t\t\t\t<span class=\"elementor-icon-list-text\">Strandveien 11, 9550 \u00d8ksfjord, Norway<\/span>\n\t\t\t\t\t\t\t\t\t<\/li>\n\t\t\t\t\t\t<\/ul>\n\t\t\t\t\t\t<\/div>\n\t\t\t\t<\/div>\n\t\t\t\t<div class=\"elementor-element elementor-element-ba8e3ed elementor-widget elementor-widget-image\" data-id=\"ba8e3ed\" data-element_type=\"widget\" data-e-type=\"widget\" data-widget_type=\"image.default\">\n\t\t\t\t<div class=\"elementor-widget-container\">\n\t\t\t\t\t\t\t\t\t\t\t\t\t\t\t<img fetchpriority=\"high\" decoding=\"async\" width=\"391\" height=\"275\" src=\"https:\/\/sjofiske.com\/wp-content\/uploads\/2024\/12\/Asset-1.png\" class=\"attachment-large size-large wp-image-3021\" alt=\"\" srcset=\"https:\/\/sjofiske.com\/wp-content\/uploads\/2024\/12\/Asset-1.png 391w, https:\/\/sjofiske.com\/wp-content\/uploads\/2024\/12\/Asset-1-300x211.png 300w\" sizes=\"(max-width: 391px) 100vw, 391px\" \/>\t\t\t\t\t\t\t\t\t\t\t\t\t\t\t<\/div>\n\t\t\t\t<\/div>\n\t\t\t\t<\/div>\n\t\t<div class=\"elementor-element elementor-element-d45e61f e-con-full e-flex e-con e-child\" data-id=\"d45e61f\" data-element_type=\"container\" data-e-type=\"container\">\n\t\t<div class=\"elementor-element elementor-element-0c892db e-con-full e-flex e-con e-child\" data-id=\"0c892db\" data-element_type=\"container\" data-e-type=\"container\">\n\t\t\t\t<div class=\"elementor-element elementor-element-97b2930 elementor-widget elementor-widget-heading\" data-id=\"97b2930\" data-element_type=\"widget\" data-e-type=\"widget\" data-widget_type=\"heading.default\">\n\t\t\t\t<div class=\"elementor-widget-container\">\n\t\t\t\t\t<p class=\"elementor-heading-title elementor-size-default\">Estlands kontor<\/p>\t\t\t\t<\/div>\n\t\t\t\t<\/div>\n\t\t\t\t<div class=\"elementor-element elementor-element-1845edb elementor-widget elementor-widget-image\" data-id=\"1845edb\" data-element_type=\"widget\" data-e-type=\"widget\" data-widget_type=\"image.default\">\n\t\t\t\t<div class=\"elementor-widget-container\">\n\t\t\t\t\t\t\t\t\t\t\t\t\t\t\t<img decoding=\"async\" width=\"800\" height=\"509\" src=\"https:\/\/sjofiske.com\/wp-content\/uploads\/2024\/12\/Flag_of_Estonia.svg\" class=\"attachment-large size-large wp-image-1501\" alt=\"\" \/>\t\t\t\t\t\t\t\t\t\t\t\t\t\t\t<\/div>\n\t\t\t\t<\/div>\n\t\t\t\t<\/div>\n\t\t\t\t<div class=\"elementor-element elementor-element-88cf789 elementor-icon-list--layout-traditional elementor-list-item-link-full_width elementor-widget elementor-widget-icon-list\" data-id=\"88cf789\" data-element_type=\"widget\" data-e-type=\"widget\" data-widget_type=\"icon-list.default\">\n\t\t\t\t<div class=\"elementor-widget-container\">\n\t\t\t\t\t\t\t<ul class=\"elementor-icon-list-items\">\n\t\t\t\t\t\t\t<li class=\"elementor-icon-list-item\">\n\t\t\t\t\t\t\t\t\t\t\t<a href=\"mailto:kaspar@sjofiske.com\">\n\n\t\t\t\t\t\t\t\t\t\t\t\t<span class=\"elementor-icon-list-icon\">\n\t\t\t\t\t\t\t<svg aria-hidden=\"true\" class=\"e-font-icon-svg e-fas-envelope\" viewBox=\"0 0 512 512\" xmlns=\"http:\/\/www.w3.org\/2000\/svg\"><path d=\"M502.3 190.8c3.9-3.1 9.7-.2 9.7 4.7V400c0 26.5-21.5 48-48 48H48c-26.5 0-48-21.5-48-48V195.6c0-5 5.7-7.8 9.7-4.7 22.4 17.4 52.1 39.5 154.1 113.6 21.1 15.4 56.7 47.8 92.2 47.6 35.7.3 72-32.8 92.3-47.6 102-74.1 131.6-96.3 154-113.7zM256 320c23.2.4 56.6-29.2 73.4-41.4 132.7-96.3 142.8-104.7 173.4-128.7 5.8-4.5 9.2-11.5 9.2-18.9v-19c0-26.5-21.5-48-48-48H48C21.5 64 0 85.5 0 112v19c0 7.4 3.4 14.3 9.2 18.9 30.6 23.9 40.7 32.4 173.4 128.7 16.8 12.2 50.2 41.8 73.4 41.4z\"><\/path><\/svg>\t\t\t\t\t\t<\/span>\n\t\t\t\t\t\t\t\t\t\t<span class=\"elementor-icon-list-text\">kaspar@sjofiske.com<\/span>\n\t\t\t\t\t\t\t\t\t\t\t<\/a>\n\t\t\t\t\t\t\t\t\t<\/li>\n\t\t\t\t\t\t\t\t<li class=\"elementor-icon-list-item\">\n\t\t\t\t\t\t\t\t\t\t\t<a href=\"tel:+37256996123\">\n\n\t\t\t\t\t\t\t\t\t\t\t\t<span class=\"elementor-icon-list-icon\">\n\t\t\t\t\t\t\t<svg aria-hidden=\"true\" class=\"e-font-icon-svg e-fas-phone-alt\" viewBox=\"0 0 512 512\" xmlns=\"http:\/\/www.w3.org\/2000\/svg\"><path d=\"M497.39 361.8l-112-48a24 24 0 0 0-28 6.9l-49.6 60.6A370.66 370.66 0 0 1 130.6 204.11l60.6-49.6a23.94 23.94 0 0 0 6.9-28l-48-112A24.16 24.16 0 0 0 122.6.61l-104 24A24 24 0 0 0 0 48c0 256.5 207.9 464 464 464a24 24 0 0 0 23.4-18.6l24-104a24.29 24.29 0 0 0-14.01-27.6z\"><\/path><\/svg>\t\t\t\t\t\t<\/span>\n\t\t\t\t\t\t\t\t\t\t<span class=\"elementor-icon-list-text\">+372 5699 6123<\/span>\n\t\t\t\t\t\t\t\t\t\t\t<\/a>\n\t\t\t\t\t\t\t\t\t<\/li>\n\t\t\t\t\t\t\t\t<li class=\"elementor-icon-list-item\">\n\t\t\t\t\t\t\t\t\t\t\t<span class=\"elementor-icon-list-icon\">\n\t\t\t\t\t\t\t<svg aria-hidden=\"true\" class=\"e-font-icon-svg e-fas-map-marker-alt\" viewBox=\"0 0 384 512\" xmlns=\"http:\/\/www.w3.org\/2000\/svg\"><path d=\"M172.268 501.67C26.97 291.031 0 269.413 0 192 0 85.961 85.961 0 192 0s192 85.961 192 192c0 77.413-26.97 99.031-172.268 309.67-9.535 13.774-29.93 13.773-39.464 0zM192 272c44.183 0 80-35.817 80-80s-35.817-80-80-80-80 35.817-80 80 35.817 80 80 80z\"><\/path><\/svg>\t\t\t\t\t\t<\/span>\n\t\t\t\t\t\t\t\t\t\t<span class=\"elementor-icon-list-text\">Golfi tee 62, Suuresta, Rae, Harjumaa, Estonia<\/span>\n\t\t\t\t\t\t\t\t\t<\/li>\n\t\t\t\t\t\t<\/ul>\n\t\t\t\t\t\t<\/div>\n\t\t\t\t<\/div>\n\t\t\t\t<\/div>\n\t\t\t\t\t<\/div>\n\t\t\t\t<\/div>\n\t\t<div class=\"elementor-element elementor-element-3bc711e e-flex e-con-boxed e-con e-parent\" data-id=\"3bc711e\" data-element_type=\"container\" data-e-type=\"container\">\n\t\t\t\t\t<div class=\"e-con-inner\">\n\t\t\t\t<div class=\"elementor-element elementor-element-9558c92 elementor-widget elementor-widget-google_maps\" data-id=\"9558c92\" data-element_type=\"widget\" data-e-type=\"widget\" data-widget_type=\"google_maps.default\">\n\t\t\t\t<div class=\"elementor-widget-container\">\n\t\t\t\t\t\t\t<div class=\"elementor-custom-embed\">\n\t\t\t<iframe loading=\"lazy\"\n\t\t\t\t\tsrc=\"https:\/\/maps.google.com\/maps?q=%C3%98KSFJORD&#038;t=m&#038;z=12&#038;output=embed&#038;iwloc=near\"\n\t\t\t\t\ttitle=\"\u00d8KSFJORD\"\n\t\t\t\t\taria-label=\"\u00d8KSFJORD\"\n\t\t\t><\/iframe>\n\t\t<\/div>\n\t\t\t\t\t\t<\/div>\n\t\t\t\t<\/div>\n\t\t\t\t\t<\/div>\n\t\t\t\t<\/div>\n\t\t\t\t<\/div>\n\t\t","protected":false},"excerpt":{"rendered":"<p>Norges kontor post@sjofiske.com +47 904 77 661 Strandveien 11, 9550 \u00d8ksfjord, Norway Estlands kontor kaspar@sjofiske.com +372 5699 6123 Golfi tee 62, Suuresta, Rae, Harjumaa, Estonia<\/p>\n","protected":false},"author":1,"featured_media":0,"parent":0,"menu_order":0,"comment_status":"closed","ping_status":"closed","template":"","meta":{"footnotes":""},"class_list":["post-1987","page","type-page","status-publish","hentry"],"acf":[],"yoast_head":"<!-- This site is optimized with the Yoast SEO plugin v27.5 - https:\/\/yoast.com\/product\/yoast-seo-wordpress\/ -->\n<title>Kontakta | \u00d8ksfjord Sj\u00f8fiske<\/title>\n<meta name=\"robots\" content=\"index, follow, max-snippet:-1, max-image-preview:large, max-video-preview:-1\" \/>\n<link rel=\"canonical\" href=\"https:\/\/sjofiske.com\/sv\/kontakta\/\" \/>\n<meta property=\"og:locale\" content=\"sv_SE\" \/>\n<meta property=\"og:type\" content=\"article\" \/>\n<meta property=\"og:title\" content=\"Kontakta | \u00d8ksfjord Sj\u00f8fiske\" \/>\n<meta property=\"og:description\" content=\"Norges kontor post@sjofiske.com +47 904 77 661 Strandveien 11, 9550 \u00d8ksfjord, Norway Estlands kontor kaspar@sjofiske.com +372 5699 6123 Golfi tee 62, Suuresta, Rae, Harjumaa, Estonia\" \/>\n<meta property=\"og:url\" content=\"https:\/\/sjofiske.com\/sv\/kontakta\/\" \/>\n<meta property=\"og:site_name\" content=\"\u00d8ksfjord Sj\u00f8fiske\" \/>\n<meta property=\"article:modified_time\" content=\"2025-06-18T09:56:05+00:00\" \/>\n<meta property=\"og:image\" content=\"https:\/\/sjofiske.com\/wp-content\/uploads\/2025\/02\/sjofiske.jpg\" \/>\n\t<meta property=\"og:image:width\" content=\"1200\" \/>\n\t<meta property=\"og:image:height\" content=\"675\" \/>\n\t<meta property=\"og:image:type\" content=\"image\/jpeg\" \/>\n<meta name=\"twitter:card\" content=\"summary_large_image\" \/>\n<script type=\"application\/ld+json\" class=\"yoast-schema-graph\">{\"@context\":\"https:\\\/\\\/schema.org\",\"@graph\":[{\"@type\":\"WebPage\",\"@id\":\"https:\\\/\\\/sjofiske.com\\\/sv\\\/kontakta\\\/\",\"url\":\"https:\\\/\\\/sjofiske.com\\\/sv\\\/kontakta\\\/\",\"name\":\"Kontakta | \u00d8ksfjord Sj\u00f8fiske\",\"isPartOf\":{\"@id\":\"https:\\\/\\\/sjofiske.com\\\/sv\\\/#website\"},\"primaryImageOfPage\":{\"@id\":\"https:\\\/\\\/sjofiske.com\\\/sv\\\/kontakta\\\/#primaryimage\"},\"image\":{\"@id\":\"https:\\\/\\\/sjofiske.com\\\/sv\\\/kontakta\\\/#primaryimage\"},\"thumbnailUrl\":\"https:\\\/\\\/sjofiske.com\\\/wp-content\\\/uploads\\\/2024\\\/12\\\/Flag_of_Norway.svg\",\"datePublished\":\"2024-12-13T19:45:28+00:00\",\"dateModified\":\"2025-06-18T09:56:05+00:00\",\"breadcrumb\":{\"@id\":\"https:\\\/\\\/sjofiske.com\\\/sv\\\/kontakta\\\/#breadcrumb\"},\"inLanguage\":\"sv-SE\",\"potentialAction\":[{\"@type\":\"ReadAction\",\"target\":[\"https:\\\/\\\/sjofiske.com\\\/sv\\\/kontakta\\\/\"]}]},{\"@type\":\"ImageObject\",\"inLanguage\":\"sv-SE\",\"@id\":\"https:\\\/\\\/sjofiske.com\\\/sv\\\/kontakta\\\/#primaryimage\",\"url\":\"https:\\\/\\\/sjofiske.com\\\/wp-content\\\/uploads\\\/2024\\\/12\\\/Flag_of_Norway.svg\",\"contentUrl\":\"https:\\\/\\\/sjofiske.com\\\/wp-content\\\/uploads\\\/2024\\\/12\\\/Flag_of_Norway.svg\"},{\"@type\":\"BreadcrumbList\",\"@id\":\"https:\\\/\\\/sjofiske.com\\\/sv\\\/kontakta\\\/#breadcrumb\",\"itemListElement\":[{\"@type\":\"ListItem\",\"position\":1,\"name\":\"F\u00f6rsidan\",\"item\":\"https:\\\/\\\/sjofiske.com\\\/sv\\\/\"},{\"@type\":\"ListItem\",\"position\":2,\"name\":\"Kontakta\"}]},{\"@type\":\"WebSite\",\"@id\":\"https:\\\/\\\/sjofiske.com\\\/sv\\\/#website\",\"url\":\"https:\\\/\\\/sjofiske.com\\\/sv\\\/\",\"name\":\"\u00d8ksfjord Sj\u00f8fiske\",\"description\":\"\",\"publisher\":{\"@id\":\"https:\\\/\\\/sjofiske.com\\\/sv\\\/#organization\"},\"potentialAction\":[{\"@type\":\"SearchAction\",\"target\":{\"@type\":\"EntryPoint\",\"urlTemplate\":\"https:\\\/\\\/sjofiske.com\\\/sv\\\/?s={search_term_string}\"},\"query-input\":{\"@type\":\"PropertyValueSpecification\",\"valueRequired\":true,\"valueName\":\"search_term_string\"}}],\"inLanguage\":\"sv-SE\"},{\"@type\":\"Organization\",\"@id\":\"https:\\\/\\\/sjofiske.com\\\/sv\\\/#organization\",\"name\":\"\u00d8ksfjord Sj\u00f8fiske\",\"url\":\"https:\\\/\\\/sjofiske.com\\\/sv\\\/\",\"logo\":{\"@type\":\"ImageObject\",\"inLanguage\":\"sv-SE\",\"@id\":\"https:\\\/\\\/sjofiske.com\\\/sv\\\/#\\\/schema\\\/logo\\\/image\\\/\",\"url\":\"https:\\\/\\\/sjofiske.com\\\/wp-content\\\/uploads\\\/2024\\\/12\\\/sjofiske-logo.svg\",\"contentUrl\":\"https:\\\/\\\/sjofiske.com\\\/wp-content\\\/uploads\\\/2024\\\/12\\\/sjofiske-logo.svg\",\"width\":390,\"height\":274,\"caption\":\"\u00d8ksfjord Sj\u00f8fiske\"},\"image\":{\"@id\":\"https:\\\/\\\/sjofiske.com\\\/sv\\\/#\\\/schema\\\/logo\\\/image\\\/\"}}]}<\/script>\n<!-- \/ Yoast SEO plugin. -->","yoast_head_json":{"title":"Kontakta | \u00d8ksfjord Sj\u00f8fiske","robots":{"index":"index","follow":"follow","max-snippet":"max-snippet:-1","max-image-preview":"max-image-preview:large","max-video-preview":"max-video-preview:-1"},"canonical":"https:\/\/sjofiske.com\/sv\/kontakta\/","og_locale":"sv_SE","og_type":"article","og_title":"Kontakta | \u00d8ksfjord Sj\u00f8fiske","og_description":"Norges kontor post@sjofiske.com +47 904 77 661 Strandveien 11, 9550 \u00d8ksfjord, Norway Estlands kontor kaspar@sjofiske.com +372 5699 6123 Golfi tee 62, Suuresta, Rae, Harjumaa, Estonia","og_url":"https:\/\/sjofiske.com\/sv\/kontakta\/","og_site_name":"\u00d8ksfjord Sj\u00f8fiske","article_modified_time":"2025-06-18T09:56:05+00:00","og_image":[{"width":1200,"height":675,"url":"https:\/\/sjofiske.com\/wp-content\/uploads\/2025\/02\/sjofiske.jpg","type":"image\/jpeg"}],"twitter_card":"summary_large_image","schema":{"@context":"https:\/\/schema.org","@graph":[{"@type":"WebPage","@id":"https:\/\/sjofiske.com\/sv\/kontakta\/","url":"https:\/\/sjofiske.com\/sv\/kontakta\/","name":"Kontakta | \u00d8ksfjord Sj\u00f8fiske","isPartOf":{"@id":"https:\/\/sjofiske.com\/sv\/#website"},"primaryImageOfPage":{"@id":"https:\/\/sjofiske.com\/sv\/kontakta\/#primaryimage"},"image":{"@id":"https:\/\/sjofiske.com\/sv\/kontakta\/#primaryimage"},"thumbnailUrl":"https:\/\/sjofiske.com\/wp-content\/uploads\/2024\/12\/Flag_of_Norway.svg","datePublished":"2024-12-13T19:45:28+00:00","dateModified":"2025-06-18T09:56:05+00:00","breadcrumb":{"@id":"https:\/\/sjofiske.com\/sv\/kontakta\/#breadcrumb"},"inLanguage":"sv-SE","potentialAction":[{"@type":"ReadAction","target":["https:\/\/sjofiske.com\/sv\/kontakta\/"]}]},{"@type":"ImageObject","inLanguage":"sv-SE","@id":"https:\/\/sjofiske.com\/sv\/kontakta\/#primaryimage","url":"https:\/\/sjofiske.com\/wp-content\/uploads\/2024\/12\/Flag_of_Norway.svg","contentUrl":"https:\/\/sjofiske.com\/wp-content\/uploads\/2024\/12\/Flag_of_Norway.svg"},{"@type":"BreadcrumbList","@id":"https:\/\/sjofiske.com\/sv\/kontakta\/#breadcrumb","itemListElement":[{"@type":"ListItem","position":1,"name":"F\u00f6rsidan","item":"https:\/\/sjofiske.com\/sv\/"},{"@type":"ListItem","position":2,"name":"Kontakta"}]},{"@type":"WebSite","@id":"https:\/\/sjofiske.com\/sv\/#website","url":"https:\/\/sjofiske.com\/sv\/","name":"\u00d8ksfjord Sj\u00f8fiske","description":"","publisher":{"@id":"https:\/\/sjofiske.com\/sv\/#organization"},"potentialAction":[{"@type":"SearchAction","target":{"@type":"EntryPoint","urlTemplate":"https:\/\/sjofiske.com\/sv\/?s={search_term_string}"},"query-input":{"@type":"PropertyValueSpecification","valueRequired":true,"valueName":"search_term_string"}}],"inLanguage":"sv-SE"},{"@type":"Organization","@id":"https:\/\/sjofiske.com\/sv\/#organization","name":"\u00d8ksfjord Sj\u00f8fiske","url":"https:\/\/sjofiske.com\/sv\/","logo":{"@type":"ImageObject","inLanguage":"sv-SE","@id":"https:\/\/sjofiske.com\/sv\/#\/schema\/logo\/image\/","url":"https:\/\/sjofiske.com\/wp-content\/uploads\/2024\/12\/sjofiske-logo.svg","contentUrl":"https:\/\/sjofiske.com\/wp-content\/uploads\/2024\/12\/sjofiske-logo.svg","width":390,"height":274,"caption":"\u00d8ksfjord Sj\u00f8fiske"},"image":{"@id":"https:\/\/sjofiske.com\/sv\/#\/schema\/logo\/image\/"}}]}},"_links":{"self":[{"href":"https:\/\/sjofiske.com\/sv\/wp-json\/wp\/v2\/pages\/1987","targetHints":{"allow":["GET"]}}],"collection":[{"href":"https:\/\/sjofiske.com\/sv\/wp-json\/wp\/v2\/pages"}],"about":[{"href":"https:\/\/sjofiske.com\/sv\/wp-json\/wp\/v2\/types\/page"}],"author":[{"embeddable":true,"href":"https:\/\/sjofiske.com\/sv\/wp-json\/wp\/v2\/users\/1"}],"replies":[{"embeddable":true,"href":"https:\/\/sjofiske.com\/sv\/wp-json\/wp\/v2\/comments?post=1987"}],"version-history":[{"count":6,"href":"https:\/\/sjofiske.com\/sv\/wp-json\/wp\/v2\/pages\/1987\/revisions"}],"predecessor-version":[{"id":3615,"href":"https:\/\/sjofiske.com\/sv\/wp-json\/wp\/v2\/pages\/1987\/revisions\/3615"}],"wp:attachment":[{"href":"https:\/\/sjofiske.com\/sv\/wp-json\/wp\/v2\/media?parent=1987"}],"curies":[{"name":"wp","href":"https:\/\/api.w.org\/{rel}","templated":true}]}}